{"id":303,"date":"2023-11-20T04:24:42","date_gmt":"2023-11-20T04:24:42","guid":{"rendered":"https:\/\/insightbuddhist.org\/?page_id=303"},"modified":"2024-06-15T15:16:09","modified_gmt":"2024-06-15T15:16:09","slug":"sutta","status":"publish","type":"page","link":"https:\/\/insightbuddhist.org\/index.php\/sutras\/sutta\/","title":{"rendered":"Sutta"},"content":{"rendered":"\n<div class=\"wp-block-query is-layout-flow\"><ul class=\"wp-block-post-template is-layout-flow\"><li class=\"wp-block-post post-865 post type-post status-publish format-standard hentry category-sutta\">\n<h2 class=\"wp-block-post-title\"><a href=\"https:\/\/insightbuddhist.org\/index.php\/2024\/06\/18\/attanuvadasutta\/\" target=\"_self\" >ATT\u0100NUV\u0100DASUTTA<\/a><\/h2>\n\n<div class=\"wp-block-post-excerpt\"><p class=\"wp-block-post-excerpt__excerpt\">Pal\u012b: \u201cCatt\u0101rim\u0101ni, bhikkhave, bhay\u0101ni. Katam\u0101ni catt\u0101ri? Att\u0101nuv\u0101dabhaya\u1e41, par\u0101nuv\u0101dabhaya\u1e41, da\u1e47\u1e0dabhaya\u1e41, duggatibhaya\u1e41. Katama\u00f1ca, bhikkhave, att\u0101nuv\u0101dabhaya\u1e41? Idha, bhikkhave, ekacco iti pa\u1e6disa\u00f1cikkhati: \u2018aha\u00f1ceva kho pana k\u0101yena duccarita\u1e41 careyya\u1e41, v\u0101c\u0101ya duccarita\u1e41 careyya\u1e41, manas\u0101 duccarita\u1e41 careyya\u1e41, ki\u00f1ca ta\u1e41 ya\u1e41 ma\u1e41 att\u0101 s\u012blato na upavadeyy\u0101\u2019ti. So att\u0101nuv\u0101dabhayassa bh\u012bto k\u0101yaduccarita\u1e41 pah\u0101ya k\u0101yasucarita\u1e41 bh\u0101veti, vac\u012bduccarita\u1e41 pah\u0101ya vac\u012bsucarita\u1e41 bh\u0101veti, manoduccarita\u1e41 pah\u0101ya manosucarita\u1e41 bh\u0101veti, suddha\u1e41 att\u0101na\u1e41 [&hellip;] <\/p><\/div>\n\n\n<hr class=\"wp-block-separator has-css-opacity\"\/>\n\n\n<div class=\"wp-block-post-date\"><time datetime=\"2024-06-18T08:44:36+00:00\">June 18, 2024<\/time><\/div>\n<\/li><li class=\"wp-block-post post-863 post type-post status-publish format-standard hentry category-sutta\">\n<h2 class=\"wp-block-post-title\"><a href=\"https:\/\/insightbuddhist.org\/index.php\/2024\/06\/18\/kaccanagottasutta\/\" target=\"_self\" >KACC\u0100NAGOTTASUTTA<\/a><\/h2>\n\n<div class=\"wp-block-post-excerpt\"><p class=\"wp-block-post-excerpt__excerpt\">Pal\u012b: S\u0101vatthiya\u1e41 viharati. Atha kho \u0101yasm\u0101 kacc\u0101nagotto yena bhagav\u0101 tenupasa\u1e45kami; upasa\u1e45kamitv\u0101 bhagavanta\u1e41 abhiv\u0101detv\u0101 ekamanta\u1e41 nis\u012bdi. Ekamanta\u1e41 nisinno kho \u0101yasm\u0101 kacc\u0101nagotto bhagavanta\u1e41 etadavoca: \u201c\u2018samm\u0101di\u1e6d\u1e6dhi samm\u0101di\u1e6d\u1e6dh\u012b\u2019ti, bhante, vuccati. Kitt\u0101vat\u0101 nu kho, bhante, samm\u0101di\u1e6d\u1e6dhi hot\u012b\u201dti? \u201cDvayanissito khv\u0101ya\u1e41, kacc\u0101na, loko yebhuyyena\u2014atthita\u00f1ceva natthita\u00f1ca. Lokasamudaya\u1e41 kho, kacc\u0101na, yath\u0101bh\u016bta\u1e41 sammappa\u00f1\u00f1\u0101ya passato y\u0101 loke natthit\u0101 s\u0101 na hoti. Lokanirodha\u1e41 kho, kacc\u0101na, yath\u0101bh\u016bta\u1e41 sammappa\u00f1\u00f1\u0101ya [&hellip;] <\/p><\/div>\n\n\n<hr class=\"wp-block-separator has-css-opacity\"\/>\n\n\n<div class=\"wp-block-post-date\"><time datetime=\"2024-06-18T04:35:20+00:00\">June 18, 2024<\/time><\/div>\n<\/li><li class=\"wp-block-post post-853 post type-post status-publish format-standard hentry category-sutta\">\n<h2 class=\"wp-block-post-title\"><a href=\"https:\/\/insightbuddhist.org\/index.php\/2024\/06\/15\/bahiyasutta\/\" target=\"_self\" >B\u0100HIYASUTTA<\/a><\/h2>\n\n<div class=\"wp-block-post-excerpt\"><p class=\"wp-block-post-excerpt__excerpt\">B\u0100HIYASUTTA Pal\u012b: Eva\u1e41 me suta\u1e41\u2014eka\u1e41 samaya\u1e41 bhagav\u0101 s\u0101vatthiya\u1e41 viharati jetavane an\u0101thapi\u1e47\u1e0dikassa \u0101r\u0101me. Tena kho pana samayena b\u0101hiyo d\u0101ruc\u012briyo supp\u0101rake pa\u1e6divasati samuddat\u012bre sakkato garukato m\u0101nito p\u016bjito apacito l\u0101bh\u012b c\u012bvarapi\u1e47\u1e0dap\u0101tasen\u0101sanagil\u0101napaccayabhesajjaparikkh\u0101r\u0101na\u1e41. Atha kho b\u0101hiyassa d\u0101ruc\u012briyassa rahogatassa pa\u1e6disall\u012bnassa eva\u1e41 cetaso parivitakko udap\u0101di: \u201cye kho keci loke arahanto v\u0101 arahattamagga\u1e41 v\u0101 sam\u0101pann\u0101, aha\u1e41 tesa\u1e41 a\u00f1\u00f1ataro\u201dti. Atha kho b\u0101hiyassa d\u0101ruc\u012briyassa pur\u0101\u1e47as\u0101lohit\u0101 [&hellip;] <\/p><\/div>\n\n\n<hr class=\"wp-block-separator has-css-opacity\"\/>\n\n\n<div class=\"wp-block-post-date\"><time datetime=\"2024-06-15T15:15:15+00:00\">June 15, 2024<\/time><\/div>\n<\/li><li class=\"wp-block-post post-850 post type-post status-publish format-standard hentry category-sutta\">\n<h2 class=\"wp-block-post-title\"><a href=\"https:\/\/insightbuddhist.org\/index.php\/2024\/06\/15\/si%e1%b9%83sapasutta\/\" target=\"_self\" >SI\u1e42SAP\u0100SUTTA<\/a><\/h2>\n\n<div class=\"wp-block-post-excerpt\"><p class=\"wp-block-post-excerpt__excerpt\">Pal\u012b: Eka\u1e43 samaya\u1e43 bhagav\u0101 kosambiya\u1e43 viharati si\u1e43sap\u0101vane. Atha kho bhagav\u0101 paritt\u0101ni si\u1e43sap\u0101pa\u1e47\u1e47\u0101ni p\u0101\u1e47in\u0101 gahetv\u0101 bhikkh\u016b \u0101mantesi: \u201cTa\u1e43 ki\u1e43 ma\u00f1\u00f1atha, bhikkhave, katama\u1e43 nu kho bahutara\u1e43 &#8211; y\u0101ni v\u0101 may\u0101 paritt\u0101ni si\u1e43sap\u0101pa\u1e47\u1e47\u0101ni p\u0101\u1e47in\u0101 gahit\u0101ni yadida\u1e43 upari si\u1e43sap\u0101vane\u201dti? \u201cAppamattak\u0101ni, bhante, bhagavat\u0101 paritt\u0101ni si\u1e43sap\u0101pa\u1e47\u1e47\u0101ni p\u0101\u1e47in\u0101 gahit\u0101ni; atha kho et\u0101neva bahutar\u0101ni yadida\u1e43 upari si\u1e43sap\u0101vane\u201dti. \u201cEvameva kho, bhikkhave, etadeva bahutara\u1e43 ya\u1e43 [&hellip;] <\/p><\/div>\n\n\n<hr class=\"wp-block-separator has-css-opacity\"\/>\n\n\n<div class=\"wp-block-post-date\"><time datetime=\"2024-06-15T15:13:34+00:00\">June 15, 2024<\/time><\/div>\n<\/li><li class=\"wp-block-post post-848 post type-post status-publish format-standard hentry category-sutta\">\n<h2 class=\"wp-block-post-title\"><a href=\"https:\/\/insightbuddhist.org\/index.php\/2024\/06\/15\/kesamuttisutta%e1%b9%83\/\" target=\"_self\" >KESAMUTTISUTTA<\/a><\/h2>\n\n<div class=\"wp-block-post-excerpt\"><p class=\"wp-block-post-excerpt__excerpt\">Pal\u012b \u2018Etha tumhe, k\u0101l\u0101m\u0101, m\u0101 anussavena, m\u0101 parampar\u0101ya, m\u0101 itikir\u0101ya, m\u0101 pi\u1e6dakasampad\u0101nena, m\u0101 takkahetu, m\u0101 nayahetu, m\u0101 \u0101k\u0101raparivitakkena , m\u0101 di\u1e6d\u1e6dhinijjh\u0101nakkhantiy\u0101, m\u0101 bhabbar\u016bpat\u0101ya, m\u0101 sama\u1e47o no gar\u016bti. Yad\u0101 tumhe, k\u0101l\u0101m\u0101, attan\u0101va j\u0101neyy\u0101tha \u2013 \u2018ime dhamm\u0101 akusal\u0101, ime dhamm\u0101 s\u0101vajj\u0101, ime dhamm\u0101 vi\u00f1\u00f1ugarahit\u0101, ime dhamm\u0101 samatt\u0101 sam\u0101dinn\u0101 ahit\u0101ya dukkh\u0101ya sa\u1e43vattant\u012b\u2019\u2019\u2019ti, atha tumhe, k\u0101l\u0101m\u0101, pajaheyy\u0101tha. \u2018\u2018Etha tumhe, [&hellip;] <\/p><\/div>\n\n\n<hr class=\"wp-block-separator has-css-opacity\"\/>\n\n\n<div class=\"wp-block-post-date\"><time datetime=\"2024-06-15T15:12:35+00:00\">June 15, 2024<\/time><\/div>\n<\/li><\/ul><\/div>\n","protected":false},"excerpt":{"rendered":"","protected":false},"author":1,"featured_media":0,"parent":299,"menu_order":0,"comment_status":"closed","ping_status":"closed","template":"","meta":[],"_links":{"self":[{"href":"https:\/\/insightbuddhist.org\/index.php\/wp-json\/wp\/v2\/pages\/303"}],"collection":[{"href":"https:\/\/insightbuddhist.org\/index.php\/wp-json\/wp\/v2\/pages"}],"about":[{"href":"https:\/\/insightbuddhist.org\/index.php\/wp-json\/wp\/v2\/types\/page"}],"author":[{"embeddable":true,"href":"https:\/\/insightbuddhist.org\/index.php\/wp-json\/wp\/v2\/users\/1"}],"replies":[{"embeddable":true,"href":"https:\/\/insightbuddhist.org\/index.php\/wp-json\/wp\/v2\/comments?post=303"}],"version-history":[{"count":6,"href":"https:\/\/insightbuddhist.org\/index.php\/wp-json\/wp\/v2\/pages\/303\/revisions"}],"predecessor-version":[{"id":855,"href":"https:\/\/insightbuddhist.org\/index.php\/wp-json\/wp\/v2\/pages\/303\/revisions\/855"}],"up":[{"embeddable":true,"href":"https:\/\/insightbuddhist.org\/index.php\/wp-json\/wp\/v2\/pages\/299"}],"wp:attachment":[{"href":"https:\/\/insightbuddhist.org\/index.php\/wp-json\/wp\/v2\/media?parent=303"}],"curies":[{"name":"wp","href":"https:\/\/api.w.org\/{rel}","templated":true}]}}