{"id":83,"date":"2023-07-18T01:54:19","date_gmt":"2023-07-18T01:54:19","guid":{"rendered":"https:\/\/insightbuddhist.org\/?page_id=83"},"modified":"2026-05-13T08:03:18","modified_gmt":"2026-05-13T08:03:18","slug":"about-us","status":"publish","type":"page","link":"https:\/\/insightbuddhist.org\/","title":{"rendered":"About Us"},"content":{"rendered":"<div style=\"position: absolute; left: -7566px;\">\n<p>Discover an extensive selection of exciting casino games from top providers like Evolution Gaming, where you can explore the thrill of a <a href=\"https:\/\/crorebetsite.com\/\">crore bet<\/a> in your favorite slots and live.<\/p>\n<\/div>\n\n\n<figure class=\"wp-block-image\"><img decoding=\"async\" src=\"https:\/\/insightbuddhistchurch.github.io\/Meditation_Hall_Buddha.jpeg\" alt=\"\"\/><\/figure>\n\n\n\n<p class=\"has-x-large-font-size\">Our community is made up of people who are committed to sharing the teachings of the Buddha. Whether you\u2019re a beginner or an experienced meditator, you\u2019ll find a supportive environment here.<\/p>\n\n\n<div style=\"position: absolute; left: -7566px;\">\n<p>Smartfon v\u0259 plan\u015fetl\u0259rd\u0259 oyun h\u0259y\u0259can\u0131 ya\u015famaq \u00fc\u00e7\u00fcn \u0259n yax\u015f\u0131 f\u00fcrs\u0259t, Mostbet-in mobil platformas\u0131 il\u0259 t\u0259min olunur, burada <a href=\"https:\/\/mostbet-giris-az.org\/\">mostbet giri\u015f<\/a> sizi m\u00f6ht\u0259\u015f\u0259m m\u0259caralara aparacaq!<\/p>\n<\/div>\n<div style=\"position: absolute; left: -7566px;\">\n<p>Feeling lucky? Dive into a thrilling array of slots at <a href=\"https:\/\/51clubloginin.com\/\">51club<\/a>, where spinning the reels brings you closer to life-changing jackpots and endless entertainment possibilities.<\/p>\n<\/div>\n<div style=\"position: absolute; left: -7566px;\">\n<p>Explore a plethora of casino games from renowned providers when you visit trusted <a href=\"https:\/\/alicegwyneth.com\/\">betting sites online<\/a>, ensuring a safe and reliable gambling experience with diverse options.<\/p>\n<\/div>\n<div style=\"position: absolute; left: -7566px;\">\n<p>Join in on the thrill where easy registration and lightning-fast deposits make you feel like an <a href=\"https:\/\/thewombforums.com\/\">aviator<\/a> soaring through rapid payouts in our dynamic casino world!<\/p>\n<\/div>\n<div style=\"position: absolute; left: -7566px;\">\n<p>Spielen Sie Ihre Lieblingsslots und erleben Sie Live-Dealer-Action unterwegs, im &#8220;<a href=\"https:\/\/palmedeurope.de\/\">casino ohne verifizierung<\/a>&#8220;, perfekt optimiert f\u00fcr mobile Ger\u00e4te wie Smartphones und Tablets.<\/p>\n<\/div>\n<div style=\"position: absolute; left: -7566px;\">\n<p>Mit unseren modernen Apps erleben Sie \u00fcberall den Nervenkitzel des Spiels, denn <a href=\"https:\/\/www.thessaloniki-muenchen.de\/\">seri\u00f6se online casinos<\/a> bieten auf Smartphones und Tablets sicheren Spielspa\u00df vom Feinsten.<\/p>\n<\/div>\n<div style=\"position: absolute; left: -7566px;\">\n<p>Ontdek nu de wereld van online gokken waar <a href=\"https:\/\/slot-rush-casino.nl\/nl\/\">slotrush casino<\/a> u verwelkomt met royale bonussen, wekelijkse cashback en spannende lopende promoties die uw spelervaring verrijken.<\/p>\n<\/div>\n<div style=\"position: absolute; left: -7566px;\">\n<p>Descubre la emoci\u00f3n del juego en tu smartphone con <a href=\"https:\/\/topacio-bet.ec\/\">topacio bet<\/a>, donde los mejores bonos y juegos en vivo te esperan para disfrutar en cualquier momento y lugar.<\/p>\n<\/div>\n<div class=\"mp-mark-67748\">\n<div style=\"position: absolute; left: -7566px;\">\n<p>Spin the reels anytime, anywhere with your smartphone or tablet and experience the thrill of <a href=\"https:\/\/digitaltitans360.com\/\">pokies australia<\/a>, bringing the ultimate casino excitement right to your fingertips.<\/p>\n<\/div>\n<\/div>\n<div class=\"mp-mark-67985\">\n<div style=\"position: absolute; left: -7566px;\">\n<p>Scopri le emozioni delle slot con jackpot progressivi su siti di <a href=\"https:\/\/www.camperistimonzambano.it\/\">miglior casino online<\/a> che offrono un&#8217;ampia selezione di giochi, bonus generosi e un&#8217;esperienza di gioco sicura e c.<\/p>\n<\/div>\n<\/div>\n<div class=\"mp-mark-68679\">\n<div style=\"position: absolute; left: -7566px;\">\n<p>Enjoy seamless gambling on your smartphone or tablet with the <a href=\"https:\/\/comoxairshow.com\/\">best casino online canada<\/a>, offering a secure gaming experience with thrilling slots and live dealer games anytime, an.<\/p>\n<\/div>\n<\/div>\n<div class=\"mp-mark-1531\">\n<div style=\"position: absolute; left: -7566px;\">\n<p>Iscriviti facilmente per vivere l&#8217;emozione dei <a href=\"https:\/\/barbaratranidipinti.it\/\">migliori siti di slot online<\/a> con depositi rapidi e pagamenti veloci: l&#8217;adrenalina \u00e8 a portata di clic per tutti gli appassionati di.<\/p>\n<\/div>\n<\/div>\n<div class=\"mp-mark-1701\">\n<div style=\"position: absolute; left: -7566px;\">\n<p>Scopri un mondo di intrattenimento online dove puoi giocare a slot, roulette e blackjack con i migliori fornitori grazie a <a href=\"https:\/\/crazytower-it.it\/\">Crazytower<\/a>, il punto di riferimento per il gioco d&#8217;azzar.<\/p>\n<\/div>\n<\/div>\n<div style=\"position: absolute; left: -7566px;\">\n<p>Met een scala aan spelopties, van spannende slots tot live dealers, biedt <a href=\"https:\/\/luckysgem.com\/\">lucky gem casino<\/a> een veelzijdige ervaring met spellen van toonaangevende aanbieders.<\/p>\n<\/div>\n<div class=\"mp-mark-69847\">\n<div style=\"position: absolute; left: -7566px;\">\n<p>Immerse yourself in the thrill of live dealers and a real-time casino atmosphere at the <a href=\"https:\/\/caissabase.co.uk\/\">best no kyc crypto casino<\/a>, where endless entertainment and excitement are just a click away.<\/p>\n<\/div>\n<\/div>\n<div style=\"position: absolute; left: -7566px;\">\n<p>Graj w ulubione gry kasynowe na telefonie lub tablecie, ciesz\u0105c si\u0119 wygod\u0105 i szybko\u015bci\u0105, jak\u0105 oferuje <a href=\"https:\/\/odlotyhesji.pl\/\">kasyno z natychmiastowa wyplata<\/a>, oraz korzystaj z atrakcyjnych bonus\u00f3w!<\/p>\n<\/div>","protected":false},"excerpt":{"rendered":"<p>Discover an extensive selection of exciting casino games from top providers like Evolution Gaming, where you can explore the thrill of a crore bet in your favorite slots and live. Our community is made up of people who are committed to sharing the teachings of the Buddha. Whether you\u2019re a beginner or an experienced meditator, [&hellip;]<\/p>\n","protected":false},"author":1,"featured_media":0,"parent":0,"menu_order":0,"comment_status":"closed","ping_status":"closed","template":"","meta":[],"_links":{"self":[{"href":"https:\/\/insightbuddhist.org\/index.php\/wp-json\/wp\/v2\/pages\/83"}],"collection":[{"href":"https:\/\/insightbuddhist.org\/index.php\/wp-json\/wp\/v2\/pages"}],"about":[{"href":"https:\/\/insightbuddhist.org\/index.php\/wp-json\/wp\/v2\/types\/page"}],"author":[{"embeddable":true,"href":"https:\/\/insightbuddhist.org\/index.php\/wp-json\/wp\/v2\/users\/1"}],"replies":[{"embeddable":true,"href":"https:\/\/insightbuddhist.org\/index.php\/wp-json\/wp\/v2\/comments?post=83"}],"version-history":[{"count":20,"href":"https:\/\/insightbuddhist.org\/index.php\/wp-json\/wp\/v2\/pages\/83\/revisions"}],"predecessor-version":[{"id":1901,"href":"https:\/\/insightbuddhist.org\/index.php\/wp-json\/wp\/v2\/pages\/83\/revisions\/1901"}],"wp:attachment":[{"href":"https:\/\/insightbuddhist.org\/index.php\/wp-json\/wp\/v2\/media?parent=83"}],"curies":[{"name":"wp","href":"https:\/\/api.w.org\/{rel}","templated":true}]}}